{"id":533900,"date":"2020-01-02T13:56:44","date_gmt":"2020-01-02T12:56:44","guid":{"rendered":"https:\/\/compassfairs.mkstg.com\/?page_id=533900"},"modified":"2022-06-14T11:21:23","modified_gmt":"2022-06-14T09:21:23","slug":"what-we-do","status":"publish","type":"page","link":"https:\/\/webshop.compassfairs.no\/en\/what-we-do\/","title":{"rendered":"What we do"},"content":{"rendered":"","protected":false},"excerpt":{"rendered":"","protected":false},"author":466576,"featured_media":0,"parent":0,"menu_order":1,"comment_status":"closed","ping_status":"closed","template":"page-services.php","meta":{"footnotes":""},"class_list":["post-533900","page","type-page","status-publish","hentry"],"yoast_head":"<!-- This site is optimized with the Yoast SEO plugin v24.6 - https:\/\/yoast.com\/wordpress\/plugins\/seo\/ -->\n<title>Arrang\u00f8r av mange typer arrangemeter | Compass Fairs<\/title>\n<meta name=\"description\" content=\"Uansett hva slags arrangement du skal ha kan vi v\u00e6re din samarbeidspartner. Vi kan st\u00e5 for hele arrangementet eller hjelpe til det du trenger! Se mer her!\" \/>\n<meta name=\"robots\" content=\"index, follow, max-snippet:-1, max-image-preview:large, max-video-preview:-1\" \/>\n<link rel=\"canonical\" href=\"https:\/\/webshop.compassfairs.no\/en\/what-we-do\/\" \/>\n<meta property=\"og:locale\" content=\"en_US\" \/>\n<meta property=\"og:type\" content=\"article\" \/>\n<meta property=\"og:title\" content=\"Arrang\u00f8r av mange typer arrangemeter | Compass Fairs\" \/>\n<meta property=\"og:description\" content=\"Uansett hva slags arrangement du skal ha kan vi v\u00e6re din samarbeidspartner. Vi kan st\u00e5 for hele arrangementet eller hjelpe til det du trenger! Se mer her!\" \/>\n<meta property=\"og:url\" content=\"https:\/\/webshop.compassfairs.no\/en\/what-we-do\/\" \/>\n<meta property=\"og:site_name\" content=\"Compass Fairs AS\" \/>\n<meta property=\"article:modified_time\" content=\"2022-06-14T09:21:23+00:00\" \/>\n<meta name=\"twitter:card\" content=\"summary_large_image\" \/>\n<script type=\"application\/ld+json\" class=\"yoast-schema-graph\">{\"@context\":\"https:\/\/schema.org\",\"@graph\":[{\"@type\":\"WebPage\",\"@id\":\"https:\/\/webshop.compassfairs.no\/en\/what-we-do\/\",\"url\":\"https:\/\/webshop.compassfairs.no\/en\/what-we-do\/\",\"name\":\"Arrang\u00f8r av mange typer arrangemeter | Compass Fairs\",\"isPartOf\":{\"@id\":\"https:\/\/webshop.compassfairs.no\/en\/#website\"},\"datePublished\":\"2020-01-02T12:56:44+00:00\",\"dateModified\":\"2022-06-14T09:21:23+00:00\",\"description\":\"Uansett hva slags arrangement du skal ha kan vi v\u00e6re din samarbeidspartner. Vi kan st\u00e5 for hele arrangementet eller hjelpe til det du trenger! Se mer her!\",\"breadcrumb\":{\"@id\":\"https:\/\/webshop.compassfairs.no\/en\/what-we-do\/#breadcrumb\"},\"inLanguage\":\"en-US\",\"potentialAction\":[{\"@type\":\"ReadAction\",\"target\":[[\"https:\/\/webshop.compassfairs.no\/en\/what-we-do\/\"]]}]},{\"@type\":\"BreadcrumbList\",\"@id\":\"https:\/\/webshop.compassfairs.no\/en\/what-we-do\/#breadcrumb\",\"itemListElement\":[{\"@type\":\"ListItem\",\"position\":1,\"name\":\"Home\",\"item\":\"https:\/\/webshop.compassfairs.no\/en\/\"},{\"@type\":\"ListItem\",\"position\":2,\"name\":\"Dette gj\u00f8r vi\"}]},{\"@type\":\"WebSite\",\"@id\":\"https:\/\/webshop.compassfairs.no\/en\/#website\",\"url\":\"https:\/\/webshop.compassfairs.no\/en\/\",\"name\":\"Compass Fairs AS\",\"description\":\"Technical solutions for fairs and events\",\"potentialAction\":[{\"@type\":\"SearchAction\",\"target\":{\"@type\":\"EntryPoint\",\"urlTemplate\":\"https:\/\/webshop.compassfairs.no\/en\/?s={search_term_string}\"},\"query-input\":{\"@type\":\"PropertyValueSpecification\",\"valueRequired\":true,\"valueName\":\"search_term_string\"}}],\"inLanguage\":\"en-US\"}]}<\/script>\n<!-- \/ Yoast SEO plugin. -->","yoast_head_json":{"title":"Arrang\u00f8r av mange typer arrangemeter | Compass Fairs","description":"Uansett hva slags arrangement du skal ha kan vi v\u00e6re din samarbeidspartner. Vi kan st\u00e5 for hele arrangementet eller hjelpe til det du trenger! Se mer her!","robots":{"index":"index","follow":"follow","max-snippet":"max-snippet:-1","max-image-preview":"max-image-preview:large","max-video-preview":"max-video-preview:-1"},"canonical":"https:\/\/webshop.compassfairs.no\/en\/what-we-do\/","og_locale":"en_US","og_type":"article","og_title":"Arrang\u00f8r av mange typer arrangemeter | Compass Fairs","og_description":"Uansett hva slags arrangement du skal ha kan vi v\u00e6re din samarbeidspartner. Vi kan st\u00e5 for hele arrangementet eller hjelpe til det du trenger! Se mer her!","og_url":"https:\/\/webshop.compassfairs.no\/en\/what-we-do\/","og_site_name":"Compass Fairs AS","article_modified_time":"2022-06-14T09:21:23+00:00","twitter_card":"summary_large_image","schema":{"@context":"https:\/\/schema.org","@graph":[{"@type":"WebPage","@id":"https:\/\/webshop.compassfairs.no\/en\/what-we-do\/","url":"https:\/\/webshop.compassfairs.no\/en\/what-we-do\/","name":"Arrang\u00f8r av mange typer arrangemeter | Compass Fairs","isPartOf":{"@id":"https:\/\/webshop.compassfairs.no\/en\/#website"},"datePublished":"2020-01-02T12:56:44+00:00","dateModified":"2022-06-14T09:21:23+00:00","description":"Uansett hva slags arrangement du skal ha kan vi v\u00e6re din samarbeidspartner. Vi kan st\u00e5 for hele arrangementet eller hjelpe til det du trenger! Se mer her!","breadcrumb":{"@id":"https:\/\/webshop.compassfairs.no\/en\/what-we-do\/#breadcrumb"},"inLanguage":"en-US","potentialAction":[{"@type":"ReadAction","target":[["https:\/\/webshop.compassfairs.no\/en\/what-we-do\/"]]}]},{"@type":"BreadcrumbList","@id":"https:\/\/webshop.compassfairs.no\/en\/what-we-do\/#breadcrumb","itemListElement":[{"@type":"ListItem","position":1,"name":"Home","item":"https:\/\/webshop.compassfairs.no\/en\/"},{"@type":"ListItem","position":2,"name":"Dette gj\u00f8r vi"}]},{"@type":"WebSite","@id":"https:\/\/webshop.compassfairs.no\/en\/#website","url":"https:\/\/webshop.compassfairs.no\/en\/","name":"Compass Fairs AS","description":"Technical solutions for fairs and events","potentialAction":[{"@type":"SearchAction","target":{"@type":"EntryPoint","urlTemplate":"https:\/\/webshop.compassfairs.no\/en\/?s={search_term_string}"},"query-input":{"@type":"PropertyValueSpecification","valueRequired":true,"valueName":"search_term_string"}}],"inLanguage":"en-US"}]}},"_links":{"self":[{"href":"https:\/\/webshop.compassfairs.no\/en\/wp-json\/wp\/v2\/pages\/533900","targetHints":{"allow":["GET"]}}],"collection":[{"href":"https:\/\/webshop.compassfairs.no\/en\/wp-json\/wp\/v2\/pages"}],"about":[{"href":"https:\/\/webshop.compassfairs.no\/en\/wp-json\/wp\/v2\/types\/page"}],"author":[{"embeddable":true,"href":"https:\/\/webshop.compassfairs.no\/en\/wp-json\/wp\/v2\/users\/466576"}],"replies":[{"embeddable":true,"href":"https:\/\/webshop.compassfairs.no\/en\/wp-json\/wp\/v2\/comments?post=533900"}],"version-history":[{"count":0,"href":"https:\/\/webshop.compassfairs.no\/en\/wp-json\/wp\/v2\/pages\/533900\/revisions"}],"wp:attachment":[{"href":"https:\/\/webshop.compassfairs.no\/en\/wp-json\/wp\/v2\/media?parent=533900"}],"curies":[{"name":"wp","href":"https:\/\/api.w.org\/{rel}","templated":true}]}}