{"id":534421,"date":"2020-01-02T15:03:22","date_gmt":"2020-01-02T14:03:22","guid":{"rendered":"https:\/\/compassfairs.mkstg.com\/?page_id=534421"},"modified":"2023-12-28T13:38:55","modified_gmt":"2023-12-28T12:38:55","slug":"konferanser","status":"publish","type":"page","link":"https:\/\/webshop.compassfairs.no\/en\/what-we-do\/konferanser\/","title":{"rendered":"Conference"},"content":{"rendered":"<p><span style=\"font-weight: 400\">Compass Fairs s\u00f8rger for \u00e5 levere alt du trenger dersom du skal arrangere en konferanse.\u00a0<\/span><br \/>\n&nbsp;<br \/>\n<span style=\"font-weight: 400\">Vi har utstyr til b\u00e5de sm\u00e5 og store konferanser, og kan blant annet levere:\u00a0<\/span><\/p>\n<ul>\n<li style=\"font-weight: 400\"><span style=\"font-weight: 400\">Messevegger og banner i ramme<\/span><\/li>\n<li style=\"font-weight: 400\"><span style=\"font-weight: 400\">M\u00f8bler<\/span><\/li>\n<li style=\"font-weight: 400\"><span style=\"font-weight: 400\">Elektronisk utstyr og annet tilbeh\u00f8r<\/span><\/li>\n<li style=\"font-weight: 400\"><span style=\"font-weight: 400\">Tepper og gulv<\/span><\/li>\n<li style=\"font-weight: 400\"><span style=\"font-weight: 400\">Str\u00f8m og nettverk<\/span><\/li>\n<li style=\"font-weight: 400\"><span style=\"font-weight: 400\">Lys\/lyd<\/span><\/li>\n<li style=\"font-weight: 400\"><span style=\"font-weight: 400\">Scenemoduler<\/span><\/li>\n<li style=\"font-weight: 400\"><span style=\"font-weight: 400\">Profileringsartikler<\/span><\/li>\n<\/ul>\n<p>&nbsp;<br \/>\n<span style=\"font-weight: 400\">Sjekk ut v\u00e5r nettbutikk for fullt sortiment. <\/span><\/p>","protected":false},"excerpt":{"rendered":"<p>Compass Fairs s\u00f8rger for \u00e5 levere alt du trenger dersom du skal arrangere en konferanse.\u00a0 &nbsp; Vi har utstyr til b\u00e5de sm\u00e5 og store konferanser, og kan blant annet levere:\u00a0 Messevegger og banner i ramme M\u00f8bler Elektronisk utstyr og annet tilbeh\u00f8r Tepper og gulv Str\u00f8m og nettverk Lys\/lyd Scenemoduler Profileringsartikler &nbsp; Sjekk ut v\u00e5r nettbutikk &hellip; <a href=\"https:\/\/webshop.compassfairs.no\/en\/what-we-do\/konferanser\/\" class=\"more-link\">Continue reading <span class=\"screen-reader-text\">Conference<\/span><\/a><\/p>\n","protected":false},"author":466576,"featured_media":576657,"parent":533900,"menu_order":3,"comment_status":"closed","ping_status":"closed","template":"page-pagebuilder.php","meta":{"footnotes":""},"class_list":["post-534421","page","type-page","status-publish","has-post-thumbnail","hentry"],"yoast_head":"<!-- This site is optimized with the Yoast SEO plugin v24.6 - https:\/\/yoast.com\/wordpress\/plugins\/seo\/ -->\n<title>Organisering og gjennomf\u00f8ring av konferanser | Compass Fairs<\/title>\n<meta name=\"description\" content=\"Compass Fairs er en erfaren arrang\u00f8r av konferanser. Vi tilbyr b\u00e5de hjelp med gjennomf\u00f8ring i tillegg til \u00e5 levere konferanseutstyr. Se mer her!\" \/>\n<meta name=\"robots\" content=\"index, follow, max-snippet:-1, max-image-preview:large, max-video-preview:-1\" \/>\n<link rel=\"canonical\" href=\"https:\/\/webshop.compassfairs.no\/en\/what-we-do\/konferanser\/\" \/>\n<meta property=\"og:locale\" content=\"en_US\" \/>\n<meta property=\"og:type\" content=\"article\" \/>\n<meta property=\"og:title\" content=\"Organisering og gjennomf\u00f8ring av konferanser | Compass Fairs\" \/>\n<meta property=\"og:description\" content=\"Compass Fairs er en erfaren arrang\u00f8r av konferanser. Vi tilbyr b\u00e5de hjelp med gjennomf\u00f8ring i tillegg til \u00e5 levere konferanseutstyr. Se mer her!\" \/>\n<meta property=\"og:url\" content=\"https:\/\/webshop.compassfairs.no\/en\/what-we-do\/konferanser\/\" \/>\n<meta property=\"og:site_name\" content=\"Compass Fairs AS\" \/>\n<meta property=\"article:modified_time\" content=\"2023-12-28T12:38:55+00:00\" \/>\n<meta name=\"twitter:card\" content=\"summary_large_image\" \/>\n<meta name=\"twitter:label1\" content=\"Est. reading time\" \/>\n\t<meta name=\"twitter:data1\" content=\"1 minute\" \/>\n<script type=\"application\/ld+json\" class=\"yoast-schema-graph\">{\"@context\":\"https:\/\/schema.org\",\"@graph\":[{\"@type\":\"WebPage\",\"@id\":\"https:\/\/webshop.compassfairs.no\/en\/what-we-do\/konferanser\/\",\"url\":\"https:\/\/webshop.compassfairs.no\/en\/what-we-do\/konferanser\/\",\"name\":\"Organisering og gjennomf\u00f8ring av konferanser | Compass Fairs\",\"isPartOf\":{\"@id\":\"https:\/\/webshop.compassfairs.no\/en\/#website\"},\"primaryImageOfPage\":{\"@id\":\"https:\/\/webshop.compassfairs.no\/en\/what-we-do\/konferanser\/#primaryimage\"},\"image\":{\"@id\":\"https:\/\/webshop.compassfairs.no\/what-we-do\/konferanser\/#primaryimage\"},\"thumbnailUrl\":\"\",\"datePublished\":\"2020-01-02T14:03:22+00:00\",\"dateModified\":\"2023-12-28T12:38:55+00:00\",\"description\":\"Compass Fairs er en erfaren arrang\u00f8r av konferanser. Vi tilbyr b\u00e5de hjelp med gjennomf\u00f8ring i tillegg til \u00e5 levere konferanseutstyr. Se mer her!\",\"breadcrumb\":{\"@id\":\"https:\/\/webshop.compassfairs.no\/en\/what-we-do\/konferanser\/#breadcrumb\"},\"inLanguage\":\"en-US\",\"potentialAction\":[{\"@type\":\"ReadAction\",\"target\":[[\"https:\/\/webshop.compassfairs.no\/en\/what-we-do\/konferanser\/\"]]}]},{\"@type\":\"ImageObject\",\"inLanguage\":\"en-US\",\"@id\":\"https:\/\/webshop.compassfairs.no\/en\/what-we-do\/konferanser\/#primaryimage\",\"url\":\"\",\"contentUrl\":\"\"},{\"@type\":\"BreadcrumbList\",\"@id\":\"https:\/\/webshop.compassfairs.no\/en\/what-we-do\/konferanser\/#breadcrumb\",\"itemListElement\":[{\"@type\":\"ListItem\",\"position\":1,\"name\":\"Home\",\"item\":\"https:\/\/webshop.compassfairs.no\/en\/\"},{\"@type\":\"ListItem\",\"position\":2,\"name\":\"Dette gj\u00f8r vi\",\"item\":\"https:\/\/webshop.compassfairs.no\/en\/what-we-do\/\"},{\"@type\":\"ListItem\",\"position\":3,\"name\":\"Konferanser\"}]},{\"@type\":\"WebSite\",\"@id\":\"https:\/\/webshop.compassfairs.no\/en\/#website\",\"url\":\"https:\/\/webshop.compassfairs.no\/en\/\",\"name\":\"Compass Fairs AS\",\"description\":\"Technical solutions for fairs and events\",\"potentialAction\":[{\"@type\":\"SearchAction\",\"target\":{\"@type\":\"EntryPoint\",\"urlTemplate\":\"https:\/\/webshop.compassfairs.no\/en\/?s={search_term_string}\"},\"query-input\":{\"@type\":\"PropertyValueSpecification\",\"valueRequired\":true,\"valueName\":\"search_term_string\"}}],\"inLanguage\":\"en-US\"}]}<\/script>\n<!-- \/ Yoast SEO plugin. -->","yoast_head_json":{"title":"Organisering og gjennomf\u00f8ring av konferanser | Compass Fairs","description":"Compass Fairs er en erfaren arrang\u00f8r av konferanser. Vi tilbyr b\u00e5de hjelp med gjennomf\u00f8ring i tillegg til \u00e5 levere konferanseutstyr. Se mer her!","robots":{"index":"index","follow":"follow","max-snippet":"max-snippet:-1","max-image-preview":"max-image-preview:large","max-video-preview":"max-video-preview:-1"},"canonical":"https:\/\/webshop.compassfairs.no\/en\/what-we-do\/konferanser\/","og_locale":"en_US","og_type":"article","og_title":"Organisering og gjennomf\u00f8ring av konferanser | Compass Fairs","og_description":"Compass Fairs er en erfaren arrang\u00f8r av konferanser. Vi tilbyr b\u00e5de hjelp med gjennomf\u00f8ring i tillegg til \u00e5 levere konferanseutstyr. Se mer her!","og_url":"https:\/\/webshop.compassfairs.no\/en\/what-we-do\/konferanser\/","og_site_name":"Compass Fairs AS","article_modified_time":"2023-12-28T12:38:55+00:00","twitter_card":"summary_large_image","twitter_misc":{"Est. reading time":"1 minute"},"schema":{"@context":"https:\/\/schema.org","@graph":[{"@type":"WebPage","@id":"https:\/\/webshop.compassfairs.no\/en\/what-we-do\/konferanser\/","url":"https:\/\/webshop.compassfairs.no\/en\/what-we-do\/konferanser\/","name":"Organisering og gjennomf\u00f8ring av konferanser | Compass Fairs","isPartOf":{"@id":"https:\/\/webshop.compassfairs.no\/en\/#website"},"primaryImageOfPage":{"@id":"https:\/\/webshop.compassfairs.no\/en\/what-we-do\/konferanser\/#primaryimage"},"image":{"@id":"https:\/\/webshop.compassfairs.no\/what-we-do\/konferanser\/#primaryimage"},"thumbnailUrl":"","datePublished":"2020-01-02T14:03:22+00:00","dateModified":"2023-12-28T12:38:55+00:00","description":"Compass Fairs er en erfaren arrang\u00f8r av konferanser. Vi tilbyr b\u00e5de hjelp med gjennomf\u00f8ring i tillegg til \u00e5 levere konferanseutstyr. Se mer her!","breadcrumb":{"@id":"https:\/\/webshop.compassfairs.no\/en\/what-we-do\/konferanser\/#breadcrumb"},"inLanguage":"en-US","potentialAction":[{"@type":"ReadAction","target":[["https:\/\/webshop.compassfairs.no\/en\/what-we-do\/konferanser\/"]]}]},{"@type":"ImageObject","inLanguage":"en-US","@id":"https:\/\/webshop.compassfairs.no\/en\/what-we-do\/konferanser\/#primaryimage","url":"","contentUrl":""},{"@type":"BreadcrumbList","@id":"https:\/\/webshop.compassfairs.no\/en\/what-we-do\/konferanser\/#breadcrumb","itemListElement":[{"@type":"ListItem","position":1,"name":"Home","item":"https:\/\/webshop.compassfairs.no\/en\/"},{"@type":"ListItem","position":2,"name":"Dette gj\u00f8r vi","item":"https:\/\/webshop.compassfairs.no\/en\/what-we-do\/"},{"@type":"ListItem","position":3,"name":"Konferanser"}]},{"@type":"WebSite","@id":"https:\/\/webshop.compassfairs.no\/en\/#website","url":"https:\/\/webshop.compassfairs.no\/en\/","name":"Compass Fairs AS","description":"Technical solutions for fairs and events","potentialAction":[{"@type":"SearchAction","target":{"@type":"EntryPoint","urlTemplate":"https:\/\/webshop.compassfairs.no\/en\/?s={search_term_string}"},"query-input":{"@type":"PropertyValueSpecification","valueRequired":true,"valueName":"search_term_string"}}],"inLanguage":"en-US"}]}},"_links":{"self":[{"href":"https:\/\/webshop.compassfairs.no\/en\/wp-json\/wp\/v2\/pages\/534421","targetHints":{"allow":["GET"]}}],"collection":[{"href":"https:\/\/webshop.compassfairs.no\/en\/wp-json\/wp\/v2\/pages"}],"about":[{"href":"https:\/\/webshop.compassfairs.no\/en\/wp-json\/wp\/v2\/types\/page"}],"author":[{"embeddable":true,"href":"https:\/\/webshop.compassfairs.no\/en\/wp-json\/wp\/v2\/users\/466576"}],"replies":[{"embeddable":true,"href":"https:\/\/webshop.compassfairs.no\/en\/wp-json\/wp\/v2\/comments?post=534421"}],"version-history":[{"count":0,"href":"https:\/\/webshop.compassfairs.no\/en\/wp-json\/wp\/v2\/pages\/534421\/revisions"}],"up":[{"embeddable":true,"href":"https:\/\/webshop.compassfairs.no\/en\/wp-json\/wp\/v2\/pages\/533900"}],"wp:featuredmedia":[{"embeddable":true,"href":"https:\/\/webshop.compassfairs.no\/en\/wp-json\/"}],"wp:attachment":[{"href":"https:\/\/webshop.compassfairs.no\/en\/wp-json\/wp\/v2\/media?parent=534421"}],"curies":[{"name":"wp","href":"https:\/\/api.w.org\/{rel}","templated":true}]}}