{"id":576610,"date":"2021-06-24T10:15:23","date_gmt":"2021-06-24T08:15:23","guid":{"rendered":"http:\/\/compassfairs.mkstg.com\/?page_id=576610"},"modified":"2022-06-16T10:04:45","modified_gmt":"2022-06-16T08:04:45","slug":"vip-lounger","status":"publish","type":"page","link":"https:\/\/webshop.compassfairs.no\/en\/what-we-do\/vip-lounger\/","title":{"rendered":"VIP Lounges"},"content":{"rendered":"","protected":false},"excerpt":{"rendered":"","protected":false},"author":466005,"featured_media":576695,"parent":533900,"menu_order":6,"comment_status":"closed","ping_status":"closed","template":"page-pagebuilder.php","meta":{"footnotes":""},"class_list":["post-576610","page","type-page","status-publish","has-post-thumbnail","hentry"],"yoast_head":"<!-- This site is optimized with the Yoast SEO plugin v24.6 - https:\/\/yoast.com\/wordpress\/plugins\/seo\/ -->\n<title>VIP-lounge - Lag ekslusive omr\u00e5der p\u00e5 ditt event | Compass Fairs<\/title>\n<meta name=\"description\" content=\"Vi bist\u00e5r i utformingen av flotte VIP omr\u00e5der til ditt arrangement. V\u00e5re lounger kan tilpasses arrangementer i alle st\u00f8rrelser og sikrer. Les mer her!\" \/>\n<meta name=\"robots\" content=\"index, follow, max-snippet:-1, max-image-preview:large, max-video-preview:-1\" \/>\n<link rel=\"canonical\" href=\"https:\/\/webshop.compassfairs.no\/en\/what-we-do\/vip-lounger\/\" \/>\n<meta property=\"og:locale\" content=\"en_US\" \/>\n<meta property=\"og:type\" content=\"article\" \/>\n<meta property=\"og:title\" content=\"VIP-lounge - Lag ekslusive omr\u00e5der p\u00e5 ditt event | Compass Fairs\" \/>\n<meta property=\"og:description\" content=\"Vi bist\u00e5r i utformingen av flotte VIP omr\u00e5der til ditt arrangement. V\u00e5re lounger kan tilpasses arrangementer i alle st\u00f8rrelser og sikrer. Les mer her!\" \/>\n<meta property=\"og:url\" content=\"https:\/\/webshop.compassfairs.no\/en\/what-we-do\/vip-lounger\/\" \/>\n<meta property=\"og:site_name\" content=\"Compass Fairs AS\" \/>\n<meta property=\"article:modified_time\" content=\"2022-06-16T08:04:45+00:00\" \/>\n<meta name=\"twitter:card\" content=\"summary_large_image\" \/>\n<script type=\"application\/ld+json\" class=\"yoast-schema-graph\">{\"@context\":\"https:\/\/schema.org\",\"@graph\":[{\"@type\":\"WebPage\",\"@id\":\"https:\/\/webshop.compassfairs.no\/en\/what-we-do\/vip-lounger\/\",\"url\":\"https:\/\/webshop.compassfairs.no\/en\/what-we-do\/vip-lounger\/\",\"name\":\"VIP-lounge - Lag ekslusive omr\u00e5der p\u00e5 ditt event | Compass Fairs\",\"isPartOf\":{\"@id\":\"https:\/\/webshop.compassfairs.no\/en\/#website\"},\"primaryImageOfPage\":{\"@id\":\"https:\/\/webshop.compassfairs.no\/en\/what-we-do\/vip-lounger\/#primaryimage\"},\"image\":{\"@id\":\"https:\/\/webshop.compassfairs.no\/what-we-do\/vip-lounger\/#primaryimage\"},\"thumbnailUrl\":\"\",\"datePublished\":\"2021-06-24T08:15:23+00:00\",\"dateModified\":\"2022-06-16T08:04:45+00:00\",\"description\":\"Vi bist\u00e5r i utformingen av flotte VIP omr\u00e5der til ditt arrangement. V\u00e5re lounger kan tilpasses arrangementer i alle st\u00f8rrelser og sikrer. Les mer her!\",\"breadcrumb\":{\"@id\":\"https:\/\/webshop.compassfairs.no\/en\/what-we-do\/vip-lounger\/#breadcrumb\"},\"inLanguage\":\"en-US\",\"potentialAction\":[{\"@type\":\"ReadAction\",\"target\":[[\"https:\/\/webshop.compassfairs.no\/en\/what-we-do\/vip-lounger\/\"]]}]},{\"@type\":\"ImageObject\",\"inLanguage\":\"en-US\",\"@id\":\"https:\/\/webshop.compassfairs.no\/en\/what-we-do\/vip-lounger\/#primaryimage\",\"url\":\"\",\"contentUrl\":\"\"},{\"@type\":\"BreadcrumbList\",\"@id\":\"https:\/\/webshop.compassfairs.no\/en\/what-we-do\/vip-lounger\/#breadcrumb\",\"itemListElement\":[{\"@type\":\"ListItem\",\"position\":1,\"name\":\"Home\",\"item\":\"https:\/\/webshop.compassfairs.no\/en\/\"},{\"@type\":\"ListItem\",\"position\":2,\"name\":\"Dette gj\u00f8r vi\",\"item\":\"https:\/\/webshop.compassfairs.no\/en\/what-we-do\/\"},{\"@type\":\"ListItem\",\"position\":3,\"name\":\"VIP Lounger\"}]},{\"@type\":\"WebSite\",\"@id\":\"https:\/\/webshop.compassfairs.no\/en\/#website\",\"url\":\"https:\/\/webshop.compassfairs.no\/en\/\",\"name\":\"Compass Fairs AS\",\"description\":\"Technical solutions for fairs and events\",\"potentialAction\":[{\"@type\":\"SearchAction\",\"target\":{\"@type\":\"EntryPoint\",\"urlTemplate\":\"https:\/\/webshop.compassfairs.no\/en\/?s={search_term_string}\"},\"query-input\":{\"@type\":\"PropertyValueSpecification\",\"valueRequired\":true,\"valueName\":\"search_term_string\"}}],\"inLanguage\":\"en-US\"}]}<\/script>\n<!-- \/ Yoast SEO plugin. -->","yoast_head_json":{"title":"VIP-lounge - Lag ekslusive omr\u00e5der p\u00e5 ditt event | Compass Fairs","description":"Vi bist\u00e5r i utformingen av flotte VIP omr\u00e5der til ditt arrangement. V\u00e5re lounger kan tilpasses arrangementer i alle st\u00f8rrelser og sikrer. Les mer her!","robots":{"index":"index","follow":"follow","max-snippet":"max-snippet:-1","max-image-preview":"max-image-preview:large","max-video-preview":"max-video-preview:-1"},"canonical":"https:\/\/webshop.compassfairs.no\/en\/what-we-do\/vip-lounger\/","og_locale":"en_US","og_type":"article","og_title":"VIP-lounge - Lag ekslusive omr\u00e5der p\u00e5 ditt event | Compass Fairs","og_description":"Vi bist\u00e5r i utformingen av flotte VIP omr\u00e5der til ditt arrangement. V\u00e5re lounger kan tilpasses arrangementer i alle st\u00f8rrelser og sikrer. Les mer her!","og_url":"https:\/\/webshop.compassfairs.no\/en\/what-we-do\/vip-lounger\/","og_site_name":"Compass Fairs AS","article_modified_time":"2022-06-16T08:04:45+00:00","twitter_card":"summary_large_image","schema":{"@context":"https:\/\/schema.org","@graph":[{"@type":"WebPage","@id":"https:\/\/webshop.compassfairs.no\/en\/what-we-do\/vip-lounger\/","url":"https:\/\/webshop.compassfairs.no\/en\/what-we-do\/vip-lounger\/","name":"VIP-lounge - Lag ekslusive omr\u00e5der p\u00e5 ditt event | Compass Fairs","isPartOf":{"@id":"https:\/\/webshop.compassfairs.no\/en\/#website"},"primaryImageOfPage":{"@id":"https:\/\/webshop.compassfairs.no\/en\/what-we-do\/vip-lounger\/#primaryimage"},"image":{"@id":"https:\/\/webshop.compassfairs.no\/what-we-do\/vip-lounger\/#primaryimage"},"thumbnailUrl":"","datePublished":"2021-06-24T08:15:23+00:00","dateModified":"2022-06-16T08:04:45+00:00","description":"Vi bist\u00e5r i utformingen av flotte VIP omr\u00e5der til ditt arrangement. V\u00e5re lounger kan tilpasses arrangementer i alle st\u00f8rrelser og sikrer. Les mer her!","breadcrumb":{"@id":"https:\/\/webshop.compassfairs.no\/en\/what-we-do\/vip-lounger\/#breadcrumb"},"inLanguage":"en-US","potentialAction":[{"@type":"ReadAction","target":[["https:\/\/webshop.compassfairs.no\/en\/what-we-do\/vip-lounger\/"]]}]},{"@type":"ImageObject","inLanguage":"en-US","@id":"https:\/\/webshop.compassfairs.no\/en\/what-we-do\/vip-lounger\/#primaryimage","url":"","contentUrl":""},{"@type":"BreadcrumbList","@id":"https:\/\/webshop.compassfairs.no\/en\/what-we-do\/vip-lounger\/#breadcrumb","itemListElement":[{"@type":"ListItem","position":1,"name":"Home","item":"https:\/\/webshop.compassfairs.no\/en\/"},{"@type":"ListItem","position":2,"name":"Dette gj\u00f8r vi","item":"https:\/\/webshop.compassfairs.no\/en\/what-we-do\/"},{"@type":"ListItem","position":3,"name":"VIP Lounger"}]},{"@type":"WebSite","@id":"https:\/\/webshop.compassfairs.no\/en\/#website","url":"https:\/\/webshop.compassfairs.no\/en\/","name":"Compass Fairs AS","description":"Technical solutions for fairs and events","potentialAction":[{"@type":"SearchAction","target":{"@type":"EntryPoint","urlTemplate":"https:\/\/webshop.compassfairs.no\/en\/?s={search_term_string}"},"query-input":{"@type":"PropertyValueSpecification","valueRequired":true,"valueName":"search_term_string"}}],"inLanguage":"en-US"}]}},"_links":{"self":[{"href":"https:\/\/webshop.compassfairs.no\/en\/wp-json\/wp\/v2\/pages\/576610","targetHints":{"allow":["GET"]}}],"collection":[{"href":"https:\/\/webshop.compassfairs.no\/en\/wp-json\/wp\/v2\/pages"}],"about":[{"href":"https:\/\/webshop.compassfairs.no\/en\/wp-json\/wp\/v2\/types\/page"}],"author":[{"embeddable":true,"href":"https:\/\/webshop.compassfairs.no\/en\/wp-json\/wp\/v2\/users\/466005"}],"replies":[{"embeddable":true,"href":"https:\/\/webshop.compassfairs.no\/en\/wp-json\/wp\/v2\/comments?post=576610"}],"version-history":[{"count":0,"href":"https:\/\/webshop.compassfairs.no\/en\/wp-json\/wp\/v2\/pages\/576610\/revisions"}],"up":[{"embeddable":true,"href":"https:\/\/webshop.compassfairs.no\/en\/wp-json\/wp\/v2\/pages\/533900"}],"wp:featuredmedia":[{"embeddable":true,"href":"https:\/\/webshop.compassfairs.no\/en\/wp-json\/"}],"wp:attachment":[{"href":"https:\/\/webshop.compassfairs.no\/en\/wp-json\/wp\/v2\/media?parent=576610"}],"curies":[{"name":"wp","href":"https:\/\/api.w.org\/{rel}","templated":true}]}}