{"id":576612,"date":"2021-06-24T10:18:00","date_gmt":"2021-06-24T08:18:00","guid":{"rendered":"http:\/\/compassfairs.mkstg.com\/?page_id=576612"},"modified":"2022-06-16T10:03:43","modified_gmt":"2022-06-16T08:03:43","slug":"shop-in-shop","status":"publish","type":"page","link":"https:\/\/webshop.compassfairs.no\/en\/what-we-do\/shop-in-shop\/","title":{"rendered":"Shop in shop"},"content":{"rendered":"","protected":false},"excerpt":{"rendered":"","protected":false},"author":466005,"featured_media":584434,"parent":533900,"menu_order":5,"comment_status":"closed","ping_status":"closed","template":"page-pagebuilder.php","meta":{"footnotes":""},"class_list":["post-576612","page","type-page","status-publish","has-post-thumbnail","hentry"],"yoast_head":"<!-- This site is optimized with the Yoast SEO plugin v24.6 - https:\/\/yoast.com\/wordpress\/plugins\/seo\/ -->\n<title>Shop in shop - Vi hjelper deg med konsept | Compass Fairs<\/title>\n<meta name=\"description\" content=\"F\u00e5 unike og skreddersydde shop in shop-l\u00f8sninger og utstyr til ditt behov. V\u00e5re erfarne r\u00e5dgivere bist\u00e5r deg med planlegging og gjennomf\u00f8ring. Klikk her!\" \/>\n<meta name=\"robots\" content=\"index, follow, max-snippet:-1, max-image-preview:large, max-video-preview:-1\" \/>\n<link rel=\"canonical\" href=\"https:\/\/webshop.compassfairs.no\/en\/what-we-do\/shop-in-shop\/\" \/>\n<meta property=\"og:locale\" content=\"en_US\" \/>\n<meta property=\"og:type\" content=\"article\" \/>\n<meta property=\"og:title\" content=\"Shop in shop - Vi hjelper deg med konsept | Compass Fairs\" \/>\n<meta property=\"og:description\" content=\"F\u00e5 unike og skreddersydde shop in shop-l\u00f8sninger og utstyr til ditt behov. V\u00e5re erfarne r\u00e5dgivere bist\u00e5r deg med planlegging og gjennomf\u00f8ring. Klikk her!\" \/>\n<meta property=\"og:url\" content=\"https:\/\/webshop.compassfairs.no\/en\/what-we-do\/shop-in-shop\/\" \/>\n<meta property=\"og:site_name\" content=\"Compass Fairs AS\" \/>\n<meta property=\"article:modified_time\" content=\"2022-06-16T08:03:43+00:00\" \/>\n<meta property=\"og:image\" content=\"https:\/\/webshop.compassfairs.no\/wp-content\/uploads\/sites\/2\/2022\/02\/shop-in-shop_2.jpg\" \/>\n\t<meta property=\"og:image:width\" content=\"570\" \/>\n\t<meta property=\"og:image:height\" content=\"570\" \/>\n\t<meta property=\"og:image:type\" content=\"image\/jpeg\" \/>\n<meta name=\"twitter:card\" content=\"summary_large_image\" \/>\n<script type=\"application\/ld+json\" class=\"yoast-schema-graph\">{\"@context\":\"https:\/\/schema.org\",\"@graph\":[{\"@type\":\"WebPage\",\"@id\":\"https:\/\/webshop.compassfairs.no\/en\/what-we-do\/shop-in-shop\/\",\"url\":\"https:\/\/webshop.compassfairs.no\/en\/what-we-do\/shop-in-shop\/\",\"name\":\"Shop in shop - Vi hjelper deg med konsept | Compass Fairs\",\"isPartOf\":{\"@id\":\"https:\/\/webshop.compassfairs.no\/en\/#website\"},\"primaryImageOfPage\":{\"@id\":\"https:\/\/webshop.compassfairs.no\/en\/what-we-do\/shop-in-shop\/#primaryimage\"},\"image\":{\"@id\":\"https:\/\/webshop.compassfairs.no\/what-we-do\/shop-in-shop\/#primaryimage\"},\"thumbnailUrl\":\"https:\/\/webshop.compassfairs.no\/wp-content\/uploads\/sites\/2\/2022\/02\/shop-in-shop_2.jpg\",\"datePublished\":\"2021-06-24T08:18:00+00:00\",\"dateModified\":\"2022-06-16T08:03:43+00:00\",\"description\":\"F\u00e5 unike og skreddersydde shop in shop-l\u00f8sninger og utstyr til ditt behov. V\u00e5re erfarne r\u00e5dgivere bist\u00e5r deg med planlegging og gjennomf\u00f8ring. Klikk her!\",\"breadcrumb\":{\"@id\":\"https:\/\/webshop.compassfairs.no\/en\/what-we-do\/shop-in-shop\/#breadcrumb\"},\"inLanguage\":\"en-US\",\"potentialAction\":[{\"@type\":\"ReadAction\",\"target\":[[\"https:\/\/webshop.compassfairs.no\/en\/what-we-do\/shop-in-shop\/\"]]}]},{\"@type\":\"ImageObject\",\"inLanguage\":\"en-US\",\"@id\":\"https:\/\/webshop.compassfairs.no\/en\/what-we-do\/shop-in-shop\/#primaryimage\",\"url\":\"https:\/\/webshop.compassfairs.no\/wp-content\/uploads\/sites\/2\/2022\/02\/shop-in-shop_2.jpg\",\"contentUrl\":\"https:\/\/webshop.compassfairs.no\/wp-content\/uploads\/sites\/2\/2022\/02\/shop-in-shop_2.jpg\",\"width\":570,\"height\":570},{\"@type\":\"BreadcrumbList\",\"@id\":\"https:\/\/webshop.compassfairs.no\/en\/what-we-do\/shop-in-shop\/#breadcrumb\",\"itemListElement\":[{\"@type\":\"ListItem\",\"position\":1,\"name\":\"Home\",\"item\":\"https:\/\/webshop.compassfairs.no\/en\/\"},{\"@type\":\"ListItem\",\"position\":2,\"name\":\"Dette gj\u00f8r vi\",\"item\":\"https:\/\/webshop.compassfairs.no\/en\/what-we-do\/\"},{\"@type\":\"ListItem\",\"position\":3,\"name\":\"Shop in shop\"}]},{\"@type\":\"WebSite\",\"@id\":\"https:\/\/webshop.compassfairs.no\/en\/#website\",\"url\":\"https:\/\/webshop.compassfairs.no\/en\/\",\"name\":\"Compass Fairs AS\",\"description\":\"Technical solutions for fairs and events\",\"potentialAction\":[{\"@type\":\"SearchAction\",\"target\":{\"@type\":\"EntryPoint\",\"urlTemplate\":\"https:\/\/webshop.compassfairs.no\/en\/?s={search_term_string}\"},\"query-input\":{\"@type\":\"PropertyValueSpecification\",\"valueRequired\":true,\"valueName\":\"search_term_string\"}}],\"inLanguage\":\"en-US\"}]}<\/script>\n<!-- \/ Yoast SEO plugin. -->","yoast_head_json":{"title":"Shop in shop - Vi hjelper deg med konsept | Compass Fairs","description":"F\u00e5 unike og skreddersydde shop in shop-l\u00f8sninger og utstyr til ditt behov. V\u00e5re erfarne r\u00e5dgivere bist\u00e5r deg med planlegging og gjennomf\u00f8ring. Klikk her!","robots":{"index":"index","follow":"follow","max-snippet":"max-snippet:-1","max-image-preview":"max-image-preview:large","max-video-preview":"max-video-preview:-1"},"canonical":"https:\/\/webshop.compassfairs.no\/en\/what-we-do\/shop-in-shop\/","og_locale":"en_US","og_type":"article","og_title":"Shop in shop - Vi hjelper deg med konsept | Compass Fairs","og_description":"F\u00e5 unike og skreddersydde shop in shop-l\u00f8sninger og utstyr til ditt behov. V\u00e5re erfarne r\u00e5dgivere bist\u00e5r deg med planlegging og gjennomf\u00f8ring. Klikk her!","og_url":"https:\/\/webshop.compassfairs.no\/en\/what-we-do\/shop-in-shop\/","og_site_name":"Compass Fairs AS","article_modified_time":"2022-06-16T08:03:43+00:00","og_image":[{"width":570,"height":570,"url":"https:\/\/webshop.compassfairs.no\/wp-content\/uploads\/sites\/2\/2022\/02\/shop-in-shop_2.jpg","type":"image\/jpeg"}],"twitter_card":"summary_large_image","schema":{"@context":"https:\/\/schema.org","@graph":[{"@type":"WebPage","@id":"https:\/\/webshop.compassfairs.no\/en\/what-we-do\/shop-in-shop\/","url":"https:\/\/webshop.compassfairs.no\/en\/what-we-do\/shop-in-shop\/","name":"Shop in shop - Vi hjelper deg med konsept | Compass Fairs","isPartOf":{"@id":"https:\/\/webshop.compassfairs.no\/en\/#website"},"primaryImageOfPage":{"@id":"https:\/\/webshop.compassfairs.no\/en\/what-we-do\/shop-in-shop\/#primaryimage"},"image":{"@id":"https:\/\/webshop.compassfairs.no\/what-we-do\/shop-in-shop\/#primaryimage"},"thumbnailUrl":"https:\/\/webshop.compassfairs.no\/wp-content\/uploads\/sites\/2\/2022\/02\/shop-in-shop_2.jpg","datePublished":"2021-06-24T08:18:00+00:00","dateModified":"2022-06-16T08:03:43+00:00","description":"F\u00e5 unike og skreddersydde shop in shop-l\u00f8sninger og utstyr til ditt behov. V\u00e5re erfarne r\u00e5dgivere bist\u00e5r deg med planlegging og gjennomf\u00f8ring. Klikk her!","breadcrumb":{"@id":"https:\/\/webshop.compassfairs.no\/en\/what-we-do\/shop-in-shop\/#breadcrumb"},"inLanguage":"en-US","potentialAction":[{"@type":"ReadAction","target":[["https:\/\/webshop.compassfairs.no\/en\/what-we-do\/shop-in-shop\/"]]}]},{"@type":"ImageObject","inLanguage":"en-US","@id":"https:\/\/webshop.compassfairs.no\/en\/what-we-do\/shop-in-shop\/#primaryimage","url":"https:\/\/webshop.compassfairs.no\/wp-content\/uploads\/sites\/2\/2022\/02\/shop-in-shop_2.jpg","contentUrl":"https:\/\/webshop.compassfairs.no\/wp-content\/uploads\/sites\/2\/2022\/02\/shop-in-shop_2.jpg","width":570,"height":570},{"@type":"BreadcrumbList","@id":"https:\/\/webshop.compassfairs.no\/en\/what-we-do\/shop-in-shop\/#breadcrumb","itemListElement":[{"@type":"ListItem","position":1,"name":"Home","item":"https:\/\/webshop.compassfairs.no\/en\/"},{"@type":"ListItem","position":2,"name":"Dette gj\u00f8r vi","item":"https:\/\/webshop.compassfairs.no\/en\/what-we-do\/"},{"@type":"ListItem","position":3,"name":"Shop in shop"}]},{"@type":"WebSite","@id":"https:\/\/webshop.compassfairs.no\/en\/#website","url":"https:\/\/webshop.compassfairs.no\/en\/","name":"Compass Fairs AS","description":"Technical solutions for fairs and events","potentialAction":[{"@type":"SearchAction","target":{"@type":"EntryPoint","urlTemplate":"https:\/\/webshop.compassfairs.no\/en\/?s={search_term_string}"},"query-input":{"@type":"PropertyValueSpecification","valueRequired":true,"valueName":"search_term_string"}}],"inLanguage":"en-US"}]}},"_links":{"self":[{"href":"https:\/\/webshop.compassfairs.no\/en\/wp-json\/wp\/v2\/pages\/576612","targetHints":{"allow":["GET"]}}],"collection":[{"href":"https:\/\/webshop.compassfairs.no\/en\/wp-json\/wp\/v2\/pages"}],"about":[{"href":"https:\/\/webshop.compassfairs.no\/en\/wp-json\/wp\/v2\/types\/page"}],"author":[{"embeddable":true,"href":"https:\/\/webshop.compassfairs.no\/en\/wp-json\/wp\/v2\/users\/466005"}],"replies":[{"embeddable":true,"href":"https:\/\/webshop.compassfairs.no\/en\/wp-json\/wp\/v2\/comments?post=576612"}],"version-history":[{"count":0,"href":"https:\/\/webshop.compassfairs.no\/en\/wp-json\/wp\/v2\/pages\/576612\/revisions"}],"up":[{"embeddable":true,"href":"https:\/\/webshop.compassfairs.no\/en\/wp-json\/wp\/v2\/pages\/533900"}],"wp:featuredmedia":[{"embeddable":true,"href":"https:\/\/webshop.compassfairs.no\/en\/wp-json\/wp\/v2\/media\/584434"}],"wp:attachment":[{"href":"https:\/\/webshop.compassfairs.no\/en\/wp-json\/wp\/v2\/media?parent=576612"}],"curies":[{"name":"wp","href":"https:\/\/api.w.org\/{rel}","templated":true}]}}