{"id":576864,"date":"2021-07-22T15:45:28","date_gmt":"2021-07-22T13:45:28","guid":{"rendered":"http:\/\/compassfairs.mkstg.com\/?page_id=576864"},"modified":"2023-12-11T16:34:10","modified_gmt":"2023-12-11T15:34:10","slug":"messetepper","status":"publish","type":"page","link":"https:\/\/webshop.compassfairs.no\/en\/utstyr-2\/messeutstyr\/messetepper\/","title":{"rendered":"Exhibition Carpets"},"content":{"rendered":"<p><b>Hva tilbyr vi?<\/b><br \/>\n<span style=\"font-weight: 400\">Compass Fairs leverer alt du trenger av messem\u00f8bler til ditt arrangement. V\u00e5rt utvalg av messem\u00f8bler best\u00e5r blant annet av bord, stoler, disker og mye, mye mer.<\/span><\/p>\n","protected":false},"excerpt":{"rendered":"<p>Hva tilbyr vi? Compass Fairs leverer alt du trenger av messem\u00f8bler til ditt arrangement. V\u00e5rt utvalg av messem\u00f8bler best\u00e5r blant annet av bord, stoler, disker og mye, mye mer.<\/p>\n","protected":false},"author":466005,"featured_media":576697,"parent":577097,"menu_order":4,"comment_status":"closed","ping_status":"closed","template":"page-pagebuilder.php","meta":{"footnotes":""},"class_list":["post-576864","page","type-page","status-publish","has-post-thumbnail","hentry"],"yoast_head":"<!-- This site is optimized with the Yoast SEO plugin v24.6 - https:\/\/yoast.com\/wordpress\/plugins\/seo\/ -->\n<title>Messetepper i mange farger - Compass Fairs<\/title>\n<meta name=\"description\" content=\"Messetepper skal b\u00e5de v\u00e6re pene og slitesterke. Finn fine messetepper i ulike farger som t\u00e5ler mye trafikk til din neste messe!\" \/>\n<meta name=\"robots\" content=\"index, follow, max-snippet:-1, max-image-preview:large, max-video-preview:-1\" \/>\n<link rel=\"canonical\" href=\"https:\/\/webshop.compassfairs.no\/en\/utstyr-2\/messeutstyr\/messetepper\/\" \/>\n<meta property=\"og:locale\" content=\"en_US\" \/>\n<meta property=\"og:type\" content=\"article\" \/>\n<meta property=\"og:title\" content=\"Messetepper i mange farger - Compass Fairs\" \/>\n<meta property=\"og:description\" content=\"Messetepper skal b\u00e5de v\u00e6re pene og slitesterke. Finn fine messetepper i ulike farger som t\u00e5ler mye trafikk til din neste messe!\" \/>\n<meta property=\"og:url\" content=\"https:\/\/webshop.compassfairs.no\/en\/utstyr-2\/messeutstyr\/messetepper\/\" \/>\n<meta property=\"og:site_name\" content=\"Compass Fairs AS\" \/>\n<meta property=\"article:modified_time\" content=\"2023-12-11T15:34:10+00:00\" \/>\n<meta name=\"twitter:card\" content=\"summary_large_image\" \/>\n<script type=\"application\/ld+json\" class=\"yoast-schema-graph\">{\"@context\":\"https:\/\/schema.org\",\"@graph\":[{\"@type\":\"WebPage\",\"@id\":\"https:\/\/webshop.compassfairs.no\/en\/utstyr-2\/messeutstyr\/messetepper\/\",\"url\":\"https:\/\/webshop.compassfairs.no\/en\/utstyr-2\/messeutstyr\/messetepper\/\",\"name\":\"Messetepper i mange farger - Compass Fairs\",\"isPartOf\":{\"@id\":\"https:\/\/webshop.compassfairs.no\/en\/#website\"},\"primaryImageOfPage\":{\"@id\":\"https:\/\/webshop.compassfairs.no\/en\/utstyr-2\/messeutstyr\/messetepper\/#primaryimage\"},\"image\":{\"@id\":\"https:\/\/webshop.compassfairs.no\/utstyr-2\/messeutstyr\/messetepper\/#primaryimage\"},\"thumbnailUrl\":\"\",\"datePublished\":\"2021-07-22T13:45:28+00:00\",\"dateModified\":\"2023-12-11T15:34:10+00:00\",\"description\":\"Messetepper skal b\u00e5de v\u00e6re pene og slitesterke. Finn fine messetepper i ulike farger som t\u00e5ler mye trafikk til din neste messe!\",\"breadcrumb\":{\"@id\":\"https:\/\/webshop.compassfairs.no\/en\/utstyr-2\/messeutstyr\/messetepper\/#breadcrumb\"},\"inLanguage\":\"en-US\",\"potentialAction\":[{\"@type\":\"ReadAction\",\"target\":[[\"https:\/\/webshop.compassfairs.no\/en\/utstyr-2\/messeutstyr\/messetepper\/\"]]}]},{\"@type\":\"ImageObject\",\"inLanguage\":\"en-US\",\"@id\":\"https:\/\/webshop.compassfairs.no\/en\/utstyr-2\/messeutstyr\/messetepper\/#primaryimage\",\"url\":\"\",\"contentUrl\":\"\"},{\"@type\":\"BreadcrumbList\",\"@id\":\"https:\/\/webshop.compassfairs.no\/en\/utstyr-2\/messeutstyr\/messetepper\/#breadcrumb\",\"itemListElement\":[{\"@type\":\"ListItem\",\"position\":1,\"name\":\"Home\",\"item\":\"https:\/\/webshop.compassfairs.no\/en\/\"},{\"@type\":\"ListItem\",\"position\":2,\"name\":\"Utstyr\",\"item\":\"https:\/\/webshop.compassfairs.no\/en\/utstyr-2\/\"},{\"@type\":\"ListItem\",\"position\":3,\"name\":\"Messeutstyr\",\"item\":\"https:\/\/webshop.compassfairs.no\/en\/utstyr-2\/messeutstyr\/\"},{\"@type\":\"ListItem\",\"position\":4,\"name\":\"Messetepper\"}]},{\"@type\":\"WebSite\",\"@id\":\"https:\/\/webshop.compassfairs.no\/en\/#website\",\"url\":\"https:\/\/webshop.compassfairs.no\/en\/\",\"name\":\"Compass Fairs AS\",\"description\":\"Technical solutions for fairs and events\",\"potentialAction\":[{\"@type\":\"SearchAction\",\"target\":{\"@type\":\"EntryPoint\",\"urlTemplate\":\"https:\/\/webshop.compassfairs.no\/en\/?s={search_term_string}\"},\"query-input\":{\"@type\":\"PropertyValueSpecification\",\"valueRequired\":true,\"valueName\":\"search_term_string\"}}],\"inLanguage\":\"en-US\"}]}<\/script>\n<!-- \/ Yoast SEO plugin. -->","yoast_head_json":{"title":"Messetepper i mange farger - Compass Fairs","description":"Messetepper skal b\u00e5de v\u00e6re pene og slitesterke. Finn fine messetepper i ulike farger som t\u00e5ler mye trafikk til din neste messe!","robots":{"index":"index","follow":"follow","max-snippet":"max-snippet:-1","max-image-preview":"max-image-preview:large","max-video-preview":"max-video-preview:-1"},"canonical":"https:\/\/webshop.compassfairs.no\/en\/utstyr-2\/messeutstyr\/messetepper\/","og_locale":"en_US","og_type":"article","og_title":"Messetepper i mange farger - Compass Fairs","og_description":"Messetepper skal b\u00e5de v\u00e6re pene og slitesterke. Finn fine messetepper i ulike farger som t\u00e5ler mye trafikk til din neste messe!","og_url":"https:\/\/webshop.compassfairs.no\/en\/utstyr-2\/messeutstyr\/messetepper\/","og_site_name":"Compass Fairs AS","article_modified_time":"2023-12-11T15:34:10+00:00","twitter_card":"summary_large_image","schema":{"@context":"https:\/\/schema.org","@graph":[{"@type":"WebPage","@id":"https:\/\/webshop.compassfairs.no\/en\/utstyr-2\/messeutstyr\/messetepper\/","url":"https:\/\/webshop.compassfairs.no\/en\/utstyr-2\/messeutstyr\/messetepper\/","name":"Messetepper i mange farger - Compass Fairs","isPartOf":{"@id":"https:\/\/webshop.compassfairs.no\/en\/#website"},"primaryImageOfPage":{"@id":"https:\/\/webshop.compassfairs.no\/en\/utstyr-2\/messeutstyr\/messetepper\/#primaryimage"},"image":{"@id":"https:\/\/webshop.compassfairs.no\/utstyr-2\/messeutstyr\/messetepper\/#primaryimage"},"thumbnailUrl":"","datePublished":"2021-07-22T13:45:28+00:00","dateModified":"2023-12-11T15:34:10+00:00","description":"Messetepper skal b\u00e5de v\u00e6re pene og slitesterke. Finn fine messetepper i ulike farger som t\u00e5ler mye trafikk til din neste messe!","breadcrumb":{"@id":"https:\/\/webshop.compassfairs.no\/en\/utstyr-2\/messeutstyr\/messetepper\/#breadcrumb"},"inLanguage":"en-US","potentialAction":[{"@type":"ReadAction","target":[["https:\/\/webshop.compassfairs.no\/en\/utstyr-2\/messeutstyr\/messetepper\/"]]}]},{"@type":"ImageObject","inLanguage":"en-US","@id":"https:\/\/webshop.compassfairs.no\/en\/utstyr-2\/messeutstyr\/messetepper\/#primaryimage","url":"","contentUrl":""},{"@type":"BreadcrumbList","@id":"https:\/\/webshop.compassfairs.no\/en\/utstyr-2\/messeutstyr\/messetepper\/#breadcrumb","itemListElement":[{"@type":"ListItem","position":1,"name":"Home","item":"https:\/\/webshop.compassfairs.no\/en\/"},{"@type":"ListItem","position":2,"name":"Utstyr","item":"https:\/\/webshop.compassfairs.no\/en\/utstyr-2\/"},{"@type":"ListItem","position":3,"name":"Messeutstyr","item":"https:\/\/webshop.compassfairs.no\/en\/utstyr-2\/messeutstyr\/"},{"@type":"ListItem","position":4,"name":"Messetepper"}]},{"@type":"WebSite","@id":"https:\/\/webshop.compassfairs.no\/en\/#website","url":"https:\/\/webshop.compassfairs.no\/en\/","name":"Compass Fairs AS","description":"Technical solutions for fairs and events","potentialAction":[{"@type":"SearchAction","target":{"@type":"EntryPoint","urlTemplate":"https:\/\/webshop.compassfairs.no\/en\/?s={search_term_string}"},"query-input":{"@type":"PropertyValueSpecification","valueRequired":true,"valueName":"search_term_string"}}],"inLanguage":"en-US"}]}},"_links":{"self":[{"href":"https:\/\/webshop.compassfairs.no\/en\/wp-json\/wp\/v2\/pages\/576864","targetHints":{"allow":["GET"]}}],"collection":[{"href":"https:\/\/webshop.compassfairs.no\/en\/wp-json\/wp\/v2\/pages"}],"about":[{"href":"https:\/\/webshop.compassfairs.no\/en\/wp-json\/wp\/v2\/types\/page"}],"author":[{"embeddable":true,"href":"https:\/\/webshop.compassfairs.no\/en\/wp-json\/wp\/v2\/users\/466005"}],"replies":[{"embeddable":true,"href":"https:\/\/webshop.compassfairs.no\/en\/wp-json\/wp\/v2\/comments?post=576864"}],"version-history":[{"count":0,"href":"https:\/\/webshop.compassfairs.no\/en\/wp-json\/wp\/v2\/pages\/576864\/revisions"}],"up":[{"embeddable":true,"href":"https:\/\/webshop.compassfairs.no\/en\/wp-json\/wp\/v2\/pages\/577097"}],"wp:featuredmedia":[{"embeddable":true,"href":"https:\/\/webshop.compassfairs.no\/en\/wp-json\/"}],"wp:attachment":[{"href":"https:\/\/webshop.compassfairs.no\/en\/wp-json\/wp\/v2\/media?parent=576864"}],"curies":[{"name":"wp","href":"https:\/\/api.w.org\/{rel}","templated":true}]}}