{"id":577068,"date":"2021-08-12T09:35:31","date_gmt":"2021-08-12T07:35:31","guid":{"rendered":"https:\/\/compassfairs.mkstg.com\/?page_id=577068"},"modified":"2022-06-16T10:07:00","modified_gmt":"2022-06-16T08:07:00","slug":"exhibition-furniture-2","status":"publish","type":"page","link":"https:\/\/webshop.compassfairs.no\/en\/utstyr-2\/exhibition-furniture-2\/","title":{"rendered":"Furniture"},"content":{"rendered":"<p><span style=\"font-weight: 400\">Compass Fairs leverer alt du trenger av messem\u00f8bler til ditt arrangement. V\u00e5rt utvalg av messem\u00f8bler best\u00e5r blant annet av bord, stoler, disker og mye, mye mer.<\/span><\/p>","protected":false},"excerpt":{"rendered":"<p>Compass Fairs leverer alt du trenger av messem\u00f8bler til ditt arrangement. V\u00e5rt utvalg av messem\u00f8bler best\u00e5r blant annet av bord, stoler, disker og mye, mye mer.<\/p>\n","protected":false},"author":466005,"featured_media":576671,"parent":533949,"menu_order":4,"comment_status":"closed","ping_status":"closed","template":"page-pagebuilder.php","meta":{"footnotes":""},"class_list":["post-577068","page","type-page","status-publish","has-post-thumbnail","hentry"],"yoast_head":"<!-- This site is optimized with the Yoast SEO plugin v24.6 - https:\/\/yoast.com\/wordpress\/plugins\/seo\/ -->\n<title>M\u00f8bler til alle typer arrangementer | Compass Fairs<\/title>\n<meta name=\"description\" content=\"Vi leverer et bredt utvalg m\u00f8bler i ulike utforminger og farger til ditt arrangement. Skap et godt inntrykk av ditt brand med m\u00f8blering. Les mer her!\" \/>\n<meta name=\"robots\" content=\"index, follow, max-snippet:-1, max-image-preview:large, max-video-preview:-1\" \/>\n<link rel=\"canonical\" href=\"https:\/\/webshop.compassfairs.no\/en\/utstyr-2\/exhibition-furniture-2\/\" \/>\n<meta property=\"og:locale\" content=\"en_US\" \/>\n<meta property=\"og:type\" content=\"article\" \/>\n<meta property=\"og:title\" content=\"M\u00f8bler til alle typer arrangementer | Compass Fairs\" \/>\n<meta property=\"og:description\" content=\"Vi leverer et bredt utvalg m\u00f8bler i ulike utforminger og farger til ditt arrangement. Skap et godt inntrykk av ditt brand med m\u00f8blering. Les mer her!\" \/>\n<meta property=\"og:url\" content=\"https:\/\/webshop.compassfairs.no\/en\/utstyr-2\/exhibition-furniture-2\/\" \/>\n<meta property=\"og:site_name\" content=\"Compass Fairs AS\" \/>\n<meta property=\"article:modified_time\" content=\"2022-06-16T08:07:00+00:00\" \/>\n<meta name=\"twitter:card\" content=\"summary_large_image\" \/>\n<script type=\"application\/ld+json\" class=\"yoast-schema-graph\">{\"@context\":\"https:\/\/schema.org\",\"@graph\":[{\"@type\":\"WebPage\",\"@id\":\"https:\/\/webshop.compassfairs.no\/en\/utstyr-2\/exhibition-furniture-2\/\",\"url\":\"https:\/\/webshop.compassfairs.no\/en\/utstyr-2\/exhibition-furniture-2\/\",\"name\":\"M\u00f8bler til alle typer arrangementer | Compass Fairs\",\"isPartOf\":{\"@id\":\"https:\/\/webshop.compassfairs.no\/en\/#website\"},\"primaryImageOfPage\":{\"@id\":\"https:\/\/webshop.compassfairs.no\/en\/utstyr-2\/exhibition-furniture-2\/#primaryimage\"},\"image\":{\"@id\":\"https:\/\/webshop.compassfairs.no\/utstyr-2\/exhibition-furniture-2\/#primaryimage\"},\"thumbnailUrl\":\"\",\"datePublished\":\"2021-08-12T07:35:31+00:00\",\"dateModified\":\"2022-06-16T08:07:00+00:00\",\"description\":\"Vi leverer et bredt utvalg m\u00f8bler i ulike utforminger og farger til ditt arrangement. Skap et godt inntrykk av ditt brand med m\u00f8blering. Les mer her!\",\"breadcrumb\":{\"@id\":\"https:\/\/webshop.compassfairs.no\/en\/utstyr-2\/exhibition-furniture-2\/#breadcrumb\"},\"inLanguage\":\"en-US\",\"potentialAction\":[{\"@type\":\"ReadAction\",\"target\":[[\"https:\/\/webshop.compassfairs.no\/en\/utstyr-2\/exhibition-furniture-2\/\"]]}]},{\"@type\":\"ImageObject\",\"inLanguage\":\"en-US\",\"@id\":\"https:\/\/webshop.compassfairs.no\/en\/utstyr-2\/exhibition-furniture-2\/#primaryimage\",\"url\":\"\",\"contentUrl\":\"\"},{\"@type\":\"BreadcrumbList\",\"@id\":\"https:\/\/webshop.compassfairs.no\/en\/utstyr-2\/exhibition-furniture-2\/#breadcrumb\",\"itemListElement\":[{\"@type\":\"ListItem\",\"position\":1,\"name\":\"Home\",\"item\":\"https:\/\/webshop.compassfairs.no\/en\/\"},{\"@type\":\"ListItem\",\"position\":2,\"name\":\"Utstyr\",\"item\":\"https:\/\/webshop.compassfairs.no\/en\/utstyr-2\/\"},{\"@type\":\"ListItem\",\"position\":3,\"name\":\"M\u00f8bler\"}]},{\"@type\":\"WebSite\",\"@id\":\"https:\/\/webshop.compassfairs.no\/en\/#website\",\"url\":\"https:\/\/webshop.compassfairs.no\/en\/\",\"name\":\"Compass Fairs AS\",\"description\":\"Technical solutions for fairs and events\",\"potentialAction\":[{\"@type\":\"SearchAction\",\"target\":{\"@type\":\"EntryPoint\",\"urlTemplate\":\"https:\/\/webshop.compassfairs.no\/en\/?s={search_term_string}\"},\"query-input\":{\"@type\":\"PropertyValueSpecification\",\"valueRequired\":true,\"valueName\":\"search_term_string\"}}],\"inLanguage\":\"en-US\"}]}<\/script>\n<!-- \/ Yoast SEO plugin. -->","yoast_head_json":{"title":"M\u00f8bler til alle typer arrangementer | Compass Fairs","description":"Vi leverer et bredt utvalg m\u00f8bler i ulike utforminger og farger til ditt arrangement. Skap et godt inntrykk av ditt brand med m\u00f8blering. Les mer her!","robots":{"index":"index","follow":"follow","max-snippet":"max-snippet:-1","max-image-preview":"max-image-preview:large","max-video-preview":"max-video-preview:-1"},"canonical":"https:\/\/webshop.compassfairs.no\/en\/utstyr-2\/exhibition-furniture-2\/","og_locale":"en_US","og_type":"article","og_title":"M\u00f8bler til alle typer arrangementer | Compass Fairs","og_description":"Vi leverer et bredt utvalg m\u00f8bler i ulike utforminger og farger til ditt arrangement. Skap et godt inntrykk av ditt brand med m\u00f8blering. Les mer her!","og_url":"https:\/\/webshop.compassfairs.no\/en\/utstyr-2\/exhibition-furniture-2\/","og_site_name":"Compass Fairs AS","article_modified_time":"2022-06-16T08:07:00+00:00","twitter_card":"summary_large_image","schema":{"@context":"https:\/\/schema.org","@graph":[{"@type":"WebPage","@id":"https:\/\/webshop.compassfairs.no\/en\/utstyr-2\/exhibition-furniture-2\/","url":"https:\/\/webshop.compassfairs.no\/en\/utstyr-2\/exhibition-furniture-2\/","name":"M\u00f8bler til alle typer arrangementer | Compass Fairs","isPartOf":{"@id":"https:\/\/webshop.compassfairs.no\/en\/#website"},"primaryImageOfPage":{"@id":"https:\/\/webshop.compassfairs.no\/en\/utstyr-2\/exhibition-furniture-2\/#primaryimage"},"image":{"@id":"https:\/\/webshop.compassfairs.no\/utstyr-2\/exhibition-furniture-2\/#primaryimage"},"thumbnailUrl":"","datePublished":"2021-08-12T07:35:31+00:00","dateModified":"2022-06-16T08:07:00+00:00","description":"Vi leverer et bredt utvalg m\u00f8bler i ulike utforminger og farger til ditt arrangement. Skap et godt inntrykk av ditt brand med m\u00f8blering. Les mer her!","breadcrumb":{"@id":"https:\/\/webshop.compassfairs.no\/en\/utstyr-2\/exhibition-furniture-2\/#breadcrumb"},"inLanguage":"en-US","potentialAction":[{"@type":"ReadAction","target":[["https:\/\/webshop.compassfairs.no\/en\/utstyr-2\/exhibition-furniture-2\/"]]}]},{"@type":"ImageObject","inLanguage":"en-US","@id":"https:\/\/webshop.compassfairs.no\/en\/utstyr-2\/exhibition-furniture-2\/#primaryimage","url":"","contentUrl":""},{"@type":"BreadcrumbList","@id":"https:\/\/webshop.compassfairs.no\/en\/utstyr-2\/exhibition-furniture-2\/#breadcrumb","itemListElement":[{"@type":"ListItem","position":1,"name":"Home","item":"https:\/\/webshop.compassfairs.no\/en\/"},{"@type":"ListItem","position":2,"name":"Utstyr","item":"https:\/\/webshop.compassfairs.no\/en\/utstyr-2\/"},{"@type":"ListItem","position":3,"name":"M\u00f8bler"}]},{"@type":"WebSite","@id":"https:\/\/webshop.compassfairs.no\/en\/#website","url":"https:\/\/webshop.compassfairs.no\/en\/","name":"Compass Fairs AS","description":"Technical solutions for fairs and events","potentialAction":[{"@type":"SearchAction","target":{"@type":"EntryPoint","urlTemplate":"https:\/\/webshop.compassfairs.no\/en\/?s={search_term_string}"},"query-input":{"@type":"PropertyValueSpecification","valueRequired":true,"valueName":"search_term_string"}}],"inLanguage":"en-US"}]}},"_links":{"self":[{"href":"https:\/\/webshop.compassfairs.no\/en\/wp-json\/wp\/v2\/pages\/577068","targetHints":{"allow":["GET"]}}],"collection":[{"href":"https:\/\/webshop.compassfairs.no\/en\/wp-json\/wp\/v2\/pages"}],"about":[{"href":"https:\/\/webshop.compassfairs.no\/en\/wp-json\/wp\/v2\/types\/page"}],"author":[{"embeddable":true,"href":"https:\/\/webshop.compassfairs.no\/en\/wp-json\/wp\/v2\/users\/466005"}],"replies":[{"embeddable":true,"href":"https:\/\/webshop.compassfairs.no\/en\/wp-json\/wp\/v2\/comments?post=577068"}],"version-history":[{"count":0,"href":"https:\/\/webshop.compassfairs.no\/en\/wp-json\/wp\/v2\/pages\/577068\/revisions"}],"up":[{"embeddable":true,"href":"https:\/\/webshop.compassfairs.no\/en\/wp-json\/wp\/v2\/pages\/533949"}],"wp:featuredmedia":[{"embeddable":true,"href":"https:\/\/webshop.compassfairs.no\/en\/wp-json\/"}],"wp:attachment":[{"href":"https:\/\/webshop.compassfairs.no\/en\/wp-json\/wp\/v2\/media?parent=577068"}],"curies":[{"name":"wp","href":"https:\/\/api.w.org\/{rel}","templated":true}]}}