{"id":577071,"date":"2021-08-12T09:45:22","date_gmt":"2021-08-12T07:45:22","guid":{"rendered":"https:\/\/compassfairs.mkstg.com\/?page_id=577071"},"modified":"2022-06-16T10:17:46","modified_gmt":"2022-06-16T08:17:46","slug":"exhibition-material-2","status":"publish","type":"page","link":"https:\/\/webshop.compassfairs.no\/en\/utstyr-2\/exhibition-material-2\/","title":{"rendered":"Material"},"content":{"rendered":"<p><span style=\"font-weight: 400\">Vi bygger messestands til b\u00e5de messer, konferanser og andre events. Hos oss kan du bestille alt fra en enkel startpakke til en stand designet akkurat etter dine \u00f8nsker.\u00a0<\/span><br \/>\n<span style=\"font-weight: 400\">V\u00e5re startpakker og bannerstands er en enkel m\u00e5te for deg som kunde \u00e5 f\u00e5 med det du trenger til din stand til en rabattert pris.<\/span><br \/>\n<span style=\"font-weight: 400\">Startpakkenes innhold varierer ut ifra st\u00f8rrelse p\u00e5 standen, men inkluderer alltid teppe, str\u00f8m, belysning, brosjyrestativ, st\u00e5bord og stoler. Til st\u00f8rre stands er ogs\u00e5 disk inkludert.\u00a0<\/span><br \/>\n<span style=\"font-weight: 400\">Bestiller du en bannerstand f\u00e5r du ogs\u00e5 banner inkludert.\u00a0<\/span><br \/>\n<span style=\"font-weight: 400\">For mer informasjon om standdesign, <\/span><span style=\"font-weight: 400\">sjekk ut denne siden (lenke til standdesign-siden).\u00a0<\/span><\/p>\n","protected":false},"excerpt":{"rendered":"<p>Vi bygger messestands til b\u00e5de messer, konferanser og andre events. Hos oss kan du bestille alt fra en enkel startpakke til en stand designet akkurat etter dine \u00f8nsker.\u00a0 V\u00e5re startpakker og bannerstands er en enkel m\u00e5te for deg som kunde \u00e5 f\u00e5 med det du trenger til din stand til en rabattert pris. Startpakkenes innhold &hellip; <a href=\"https:\/\/webshop.compassfairs.no\/en\/utstyr-2\/exhibition-material-2\/\" class=\"more-link\">Continue reading <span class=\"screen-reader-text\">Material<\/span><\/a><\/p>\n","protected":false},"author":466005,"featured_media":576763,"parent":533949,"menu_order":4,"comment_status":"closed","ping_status":"closed","template":"page-pagebuilder.php","meta":{"footnotes":""},"class_list":["post-577071","page","type-page","status-publish","has-post-thumbnail","hentry"],"yoast_head":"<!-- This site is optimized with the Yoast SEO plugin v24.6 - https:\/\/yoast.com\/wordpress\/plugins\/seo\/ -->\n<title>Materiell og utstyr til ditt arrangement | Compass Fairs<\/title>\n<meta name=\"description\" content=\"Vi tilbyr et bredt utvalg materiell uansett om du er utstiller, eller skal arrangere en messe, konferanse eller et annet arrangement. Les mer her!\" \/>\n<meta name=\"robots\" content=\"index, follow, max-snippet:-1, max-image-preview:large, max-video-preview:-1\" \/>\n<link rel=\"canonical\" href=\"https:\/\/webshop.compassfairs.no\/en\/utstyr-2\/exhibition-material-2\/\" \/>\n<meta property=\"og:locale\" content=\"en_US\" \/>\n<meta property=\"og:type\" content=\"article\" \/>\n<meta property=\"og:title\" content=\"Materiell og utstyr til ditt arrangement | Compass Fairs\" \/>\n<meta property=\"og:description\" content=\"Vi tilbyr et bredt utvalg materiell uansett om du er utstiller, eller skal arrangere en messe, konferanse eller et annet arrangement. Les mer her!\" \/>\n<meta property=\"og:url\" content=\"https:\/\/webshop.compassfairs.no\/en\/utstyr-2\/exhibition-material-2\/\" \/>\n<meta property=\"og:site_name\" content=\"Compass Fairs AS\" \/>\n<meta property=\"article:modified_time\" content=\"2022-06-16T08:17:46+00:00\" \/>\n<meta name=\"twitter:card\" content=\"summary_large_image\" \/>\n<meta name=\"twitter:label1\" content=\"Est. reading time\" \/>\n\t<meta name=\"twitter:data1\" content=\"1 minute\" \/>\n<script type=\"application\/ld+json\" class=\"yoast-schema-graph\">{\"@context\":\"https:\/\/schema.org\",\"@graph\":[{\"@type\":\"WebPage\",\"@id\":\"https:\/\/webshop.compassfairs.no\/en\/utstyr-2\/exhibition-material-2\/\",\"url\":\"https:\/\/webshop.compassfairs.no\/en\/utstyr-2\/exhibition-material-2\/\",\"name\":\"Materiell og utstyr til ditt arrangement | Compass Fairs\",\"isPartOf\":{\"@id\":\"https:\/\/webshop.compassfairs.no\/en\/#website\"},\"primaryImageOfPage\":{\"@id\":\"https:\/\/webshop.compassfairs.no\/en\/utstyr-2\/exhibition-material-2\/#primaryimage\"},\"image\":{\"@id\":\"https:\/\/webshop.compassfairs.no\/utstyr-2\/exhibition-material-2\/#primaryimage\"},\"thumbnailUrl\":\"\",\"datePublished\":\"2021-08-12T07:45:22+00:00\",\"dateModified\":\"2022-06-16T08:17:46+00:00\",\"description\":\"Vi tilbyr et bredt utvalg materiell uansett om du er utstiller, eller skal arrangere en messe, konferanse eller et annet arrangement. Les mer her!\",\"breadcrumb\":{\"@id\":\"https:\/\/webshop.compassfairs.no\/en\/utstyr-2\/exhibition-material-2\/#breadcrumb\"},\"inLanguage\":\"en-US\",\"potentialAction\":[{\"@type\":\"ReadAction\",\"target\":[[\"https:\/\/webshop.compassfairs.no\/en\/utstyr-2\/exhibition-material-2\/\"]]}]},{\"@type\":\"ImageObject\",\"inLanguage\":\"en-US\",\"@id\":\"https:\/\/webshop.compassfairs.no\/en\/utstyr-2\/exhibition-material-2\/#primaryimage\",\"url\":\"\",\"contentUrl\":\"\"},{\"@type\":\"BreadcrumbList\",\"@id\":\"https:\/\/webshop.compassfairs.no\/en\/utstyr-2\/exhibition-material-2\/#breadcrumb\",\"itemListElement\":[{\"@type\":\"ListItem\",\"position\":1,\"name\":\"Home\",\"item\":\"https:\/\/webshop.compassfairs.no\/en\/\"},{\"@type\":\"ListItem\",\"position\":2,\"name\":\"Utstyr\",\"item\":\"https:\/\/webshop.compassfairs.no\/en\/utstyr-2\/\"},{\"@type\":\"ListItem\",\"position\":3,\"name\":\"Materiell\"}]},{\"@type\":\"WebSite\",\"@id\":\"https:\/\/webshop.compassfairs.no\/en\/#website\",\"url\":\"https:\/\/webshop.compassfairs.no\/en\/\",\"name\":\"Compass Fairs AS\",\"description\":\"Technical solutions for fairs and events\",\"potentialAction\":[{\"@type\":\"SearchAction\",\"target\":{\"@type\":\"EntryPoint\",\"urlTemplate\":\"https:\/\/webshop.compassfairs.no\/en\/?s={search_term_string}\"},\"query-input\":{\"@type\":\"PropertyValueSpecification\",\"valueRequired\":true,\"valueName\":\"search_term_string\"}}],\"inLanguage\":\"en-US\"}]}<\/script>\n<!-- \/ Yoast SEO plugin. -->","yoast_head_json":{"title":"Materiell og utstyr til ditt arrangement | Compass Fairs","description":"Vi tilbyr et bredt utvalg materiell uansett om du er utstiller, eller skal arrangere en messe, konferanse eller et annet arrangement. Les mer her!","robots":{"index":"index","follow":"follow","max-snippet":"max-snippet:-1","max-image-preview":"max-image-preview:large","max-video-preview":"max-video-preview:-1"},"canonical":"https:\/\/webshop.compassfairs.no\/en\/utstyr-2\/exhibition-material-2\/","og_locale":"en_US","og_type":"article","og_title":"Materiell og utstyr til ditt arrangement | Compass Fairs","og_description":"Vi tilbyr et bredt utvalg materiell uansett om du er utstiller, eller skal arrangere en messe, konferanse eller et annet arrangement. Les mer her!","og_url":"https:\/\/webshop.compassfairs.no\/en\/utstyr-2\/exhibition-material-2\/","og_site_name":"Compass Fairs AS","article_modified_time":"2022-06-16T08:17:46+00:00","twitter_card":"summary_large_image","twitter_misc":{"Est. reading time":"1 minute"},"schema":{"@context":"https:\/\/schema.org","@graph":[{"@type":"WebPage","@id":"https:\/\/webshop.compassfairs.no\/en\/utstyr-2\/exhibition-material-2\/","url":"https:\/\/webshop.compassfairs.no\/en\/utstyr-2\/exhibition-material-2\/","name":"Materiell og utstyr til ditt arrangement | Compass Fairs","isPartOf":{"@id":"https:\/\/webshop.compassfairs.no\/en\/#website"},"primaryImageOfPage":{"@id":"https:\/\/webshop.compassfairs.no\/en\/utstyr-2\/exhibition-material-2\/#primaryimage"},"image":{"@id":"https:\/\/webshop.compassfairs.no\/utstyr-2\/exhibition-material-2\/#primaryimage"},"thumbnailUrl":"","datePublished":"2021-08-12T07:45:22+00:00","dateModified":"2022-06-16T08:17:46+00:00","description":"Vi tilbyr et bredt utvalg materiell uansett om du er utstiller, eller skal arrangere en messe, konferanse eller et annet arrangement. Les mer her!","breadcrumb":{"@id":"https:\/\/webshop.compassfairs.no\/en\/utstyr-2\/exhibition-material-2\/#breadcrumb"},"inLanguage":"en-US","potentialAction":[{"@type":"ReadAction","target":[["https:\/\/webshop.compassfairs.no\/en\/utstyr-2\/exhibition-material-2\/"]]}]},{"@type":"ImageObject","inLanguage":"en-US","@id":"https:\/\/webshop.compassfairs.no\/en\/utstyr-2\/exhibition-material-2\/#primaryimage","url":"","contentUrl":""},{"@type":"BreadcrumbList","@id":"https:\/\/webshop.compassfairs.no\/en\/utstyr-2\/exhibition-material-2\/#breadcrumb","itemListElement":[{"@type":"ListItem","position":1,"name":"Home","item":"https:\/\/webshop.compassfairs.no\/en\/"},{"@type":"ListItem","position":2,"name":"Utstyr","item":"https:\/\/webshop.compassfairs.no\/en\/utstyr-2\/"},{"@type":"ListItem","position":3,"name":"Materiell"}]},{"@type":"WebSite","@id":"https:\/\/webshop.compassfairs.no\/en\/#website","url":"https:\/\/webshop.compassfairs.no\/en\/","name":"Compass Fairs AS","description":"Technical solutions for fairs and events","potentialAction":[{"@type":"SearchAction","target":{"@type":"EntryPoint","urlTemplate":"https:\/\/webshop.compassfairs.no\/en\/?s={search_term_string}"},"query-input":{"@type":"PropertyValueSpecification","valueRequired":true,"valueName":"search_term_string"}}],"inLanguage":"en-US"}]}},"_links":{"self":[{"href":"https:\/\/webshop.compassfairs.no\/en\/wp-json\/wp\/v2\/pages\/577071","targetHints":{"allow":["GET"]}}],"collection":[{"href":"https:\/\/webshop.compassfairs.no\/en\/wp-json\/wp\/v2\/pages"}],"about":[{"href":"https:\/\/webshop.compassfairs.no\/en\/wp-json\/wp\/v2\/types\/page"}],"author":[{"embeddable":true,"href":"https:\/\/webshop.compassfairs.no\/en\/wp-json\/wp\/v2\/users\/466005"}],"replies":[{"embeddable":true,"href":"https:\/\/webshop.compassfairs.no\/en\/wp-json\/wp\/v2\/comments?post=577071"}],"version-history":[{"count":0,"href":"https:\/\/webshop.compassfairs.no\/en\/wp-json\/wp\/v2\/pages\/577071\/revisions"}],"up":[{"embeddable":true,"href":"https:\/\/webshop.compassfairs.no\/en\/wp-json\/wp\/v2\/pages\/533949"}],"wp:featuredmedia":[{"embeddable":true,"href":"https:\/\/webshop.compassfairs.no\/en\/wp-json\/"}],"wp:attachment":[{"href":"https:\/\/webshop.compassfairs.no\/en\/wp-json\/wp\/v2\/media?parent=577071"}],"curies":[{"name":"wp","href":"https:\/\/api.w.org\/{rel}","templated":true}]}}